{"id":2783,"date":"2020-12-08T06:00:15","date_gmt":"2020-12-08T06:00:15","guid":{"rendered":"https:\/\/www.ninjagloves.com\/co\/en\/contact-us\/"},"modified":"2022-10-13T04:37:29","modified_gmt":"2022-10-13T04:37:29","slug":"contact-us","status":"publish","type":"page","link":"https:\/\/www.ninjagloves.com\/cl\/en\/contact-us\/?lang=es","title":{"rendered":"Cont\u00e1ctenos"},"content":{"rendered":"<p>Nuestros expertos en seguridad est\u00e1n aqu\u00ed para brindarle consejos y soluciones de seguridad. Esperamos tener la oportunidad de cumplir con sus requisitos y establecer una relaci\u00f3n duradera. P\u00f3ngase en contacto con nosotros<\/p>\n","protected":false},"excerpt":{"rendered":"<p>Nuestros expertos en seguridad est\u00e1n aqu\u00ed para brindarle consejos y soluciones de seguridad. Esperamos tener la oportunidad de cumplir con sus requisitos y establecer una relaci\u00f3n duradera. P\u00f3ngase en contacto con nosotros<\/p>\n","protected":false},"author":1,"featured_media":0,"parent":2776,"menu_order":9,"comment_status":"closed","ping_status":"closed","template":"templates\/tpl-06-contact-us.php","meta":{"_acf_changed":false,"footnotes":""},"class_list":["post-2783","page","type-page","status-publish","hentry"],"acf":[],"_links":{"self":[{"href":"https:\/\/www.ninjagloves.com\/cl\/wp-json\/wp\/v2\/pages\/2783","targetHints":{"allow":["GET"]}}],"collection":[{"href":"https:\/\/www.ninjagloves.com\/cl\/wp-json\/wp\/v2\/pages"}],"about":[{"href":"https:\/\/www.ninjagloves.com\/cl\/wp-json\/wp\/v2\/types\/page"}],"author":[{"embeddable":true,"href":"https:\/\/www.ninjagloves.com\/cl\/wp-json\/wp\/v2\/users\/1"}],"replies":[{"embeddable":true,"href":"https:\/\/www.ninjagloves.com\/cl\/wp-json\/wp\/v2\/comments?post=2783"}],"version-history":[{"count":0,"href":"https:\/\/www.ninjagloves.com\/cl\/wp-json\/wp\/v2\/pages\/2783\/revisions"}],"up":[{"embeddable":true,"href":"https:\/\/www.ninjagloves.com\/cl\/wp-json\/wp\/v2\/pages\/2776"}],"wp:attachment":[{"href":"https:\/\/www.ninjagloves.com\/cl\/wp-json\/wp\/v2\/media?parent=2783"}],"curies":[{"name":"wp","href":"https:\/\/api.w.org\/{rel}","templated":true}]}}