{"id":2772,"date":"2020-12-20T15:39:48","date_gmt":"2020-12-20T15:39:48","guid":{"rendered":"https:\/\/www.ninjagloves.com\/co\/about-ninja\/"},"modified":"2021-11-12T10:53:09","modified_gmt":"2021-11-12T10:53:09","slug":"about-ninja","status":"publish","type":"page","link":"https:\/\/www.ninjagloves.com\/co\/en\/about-ninja\/?lang=es","title":{"rendered":"Acerca De Ninja"},"content":{"rendered":"<p>Ninja\u00ae es una marca de equipos de protecci\u00f3n personal de primera calidad que comprende profundamente las necesidades de protecci\u00f3n de sus clientes y las satisface a trav\u00e9s de su experiencia tecnol\u00f3gica. Somos un equipo de EPP totalmente integrado que ofrece protecci\u00f3n de manos de clase mundial.<\/p>\n","protected":false},"excerpt":{"rendered":"<p>Ninja\u00ae es una marca de equipos de protecci\u00f3n personal de primera calidad que comprende profundamente las necesidades de protecci\u00f3n de sus clientes y las satisface a trav\u00e9s de su experiencia tecnol\u00f3gica. Somos un equipo de EPP totalmente integrado que ofrece protecci\u00f3n de manos de clase mundial.<\/p>\n","protected":false},"author":2,"featured_media":0,"parent":2776,"menu_order":2,"comment_status":"closed","ping_status":"closed","template":"templates\/tpl-02-about-us.php","meta":{"_acf_changed":false,"footnotes":""},"class_list":["post-2772","page","type-page","status-publish","hentry"],"acf":[],"_links":{"self":[{"href":"https:\/\/www.ninjagloves.com\/co\/wp-json\/wp\/v2\/pages\/2772","targetHints":{"allow":["GET"]}}],"collection":[{"href":"https:\/\/www.ninjagloves.com\/co\/wp-json\/wp\/v2\/pages"}],"about":[{"href":"https:\/\/www.ninjagloves.com\/co\/wp-json\/wp\/v2\/types\/page"}],"author":[{"embeddable":true,"href":"https:\/\/www.ninjagloves.com\/co\/wp-json\/wp\/v2\/users\/2"}],"replies":[{"embeddable":true,"href":"https:\/\/www.ninjagloves.com\/co\/wp-json\/wp\/v2\/comments?post=2772"}],"version-history":[{"count":0,"href":"https:\/\/www.ninjagloves.com\/co\/wp-json\/wp\/v2\/pages\/2772\/revisions"}],"up":[{"embeddable":true,"href":"https:\/\/www.ninjagloves.com\/co\/wp-json\/wp\/v2\/pages\/2776"}],"wp:attachment":[{"href":"https:\/\/www.ninjagloves.com\/co\/wp-json\/wp\/v2\/media?parent=2772"}],"curies":[{"name":"wp","href":"https:\/\/api.w.org\/{rel}","templated":true}]}}