{"id":2778,"date":"2020-12-21T03:08:43","date_gmt":"2020-12-21T03:08:43","guid":{"rendered":"https:\/\/www.ninjagloves.com\/co\/en\/glove-range\/"},"modified":"2021-11-12T10:54:37","modified_gmt":"2021-11-12T10:54:37","slug":"glove-range","status":"publish","type":"page","link":"https:\/\/www.ninjagloves.com\/co\/en\/glove-range\/?lang=es","title":{"rendered":"Gama De Guantes"},"content":{"rendered":"<p>Ninja\u00ae es una de las marcas l\u00edderes en protecci\u00f3n de manos en el mundo, constantemente comprometida en reinventarse y agregar comodidad, durabilidad y rendimiento a sus productos. Ninja\u00ae tiene cinco instalaciones de I + D y centros de innovaci\u00f3n a nivel mundial, que incorporan tecnolog\u00edas de vanguardia. Es una de las pocas marcas mundiales, cuyas instalaciones de fabricaci\u00f3n est\u00e1n integradas verticalmente desde el desarrollo, la mezcla y el hilado de fibras e hilos en telas de alta calidad para guantes, hasta la mezcla ingeniosa de pol\u00edmeros y revestimientos para una protecci\u00f3n superior de las manos. Desde algod\u00f3n hasta hilos sint\u00e9ticos y de dise\u00f1os especiales, Ninja\u00ae ofrece guantes que van desde cortados y cosidos hasta sin costuras.<\/p>\n","protected":false},"excerpt":{"rendered":"<p>Ninja\u00ae es una de las marcas l\u00edderes en protecci\u00f3n de manos en el mundo, constantemente comprometida en reinventarse y agregar comodidad, durabilidad y rendimiento a sus productos. Ninja\u00ae tiene cinco instalaciones de I + D y centros de innovaci\u00f3n a nivel mundial, que incorporan tecnolog\u00edas de vanguardia. Es una de las pocas marcas mundiales, cuyas [&hellip;]<\/p>\n","protected":false},"author":2,"featured_media":0,"parent":2776,"menu_order":6,"comment_status":"closed","ping_status":"closed","template":"templates\/tpl-14-category-listing.php","meta":{"_acf_changed":false,"footnotes":""},"class_list":["post-2778","page","type-page","status-publish","hentry"],"acf":[],"_links":{"self":[{"href":"https:\/\/www.ninjagloves.com\/co\/wp-json\/wp\/v2\/pages\/2778","targetHints":{"allow":["GET"]}}],"collection":[{"href":"https:\/\/www.ninjagloves.com\/co\/wp-json\/wp\/v2\/pages"}],"about":[{"href":"https:\/\/www.ninjagloves.com\/co\/wp-json\/wp\/v2\/types\/page"}],"author":[{"embeddable":true,"href":"https:\/\/www.ninjagloves.com\/co\/wp-json\/wp\/v2\/users\/2"}],"replies":[{"embeddable":true,"href":"https:\/\/www.ninjagloves.com\/co\/wp-json\/wp\/v2\/comments?post=2778"}],"version-history":[{"count":0,"href":"https:\/\/www.ninjagloves.com\/co\/wp-json\/wp\/v2\/pages\/2778\/revisions"}],"up":[{"embeddable":true,"href":"https:\/\/www.ninjagloves.com\/co\/wp-json\/wp\/v2\/pages\/2776"}],"wp:attachment":[{"href":"https:\/\/www.ninjagloves.com\/co\/wp-json\/wp\/v2\/media?parent=2778"}],"curies":[{"name":"wp","href":"https:\/\/api.w.org\/{rel}","templated":true}]}}