{"id":2826,"date":"2020-12-21T11:45:07","date_gmt":"2020-12-21T11:45:07","guid":{"rendered":"https:\/\/www.ninjagloves.com\/co\/product\/rebel\/"},"modified":"2021-12-06T14:06:00","modified_gmt":"2021-12-06T14:06:00","slug":"rebel","status":"publish","type":"product","link":"https:\/\/www.ninjagloves.com\/co\/producto\/rebel\/?lang=es","title":{"rendered":"Rebel"},"content":{"rendered":"<p>El especialista en protecci\u00f3n manual ligera y agarre en seco con m\u00e1xima destreza y precisi\u00f3n.<\/p>\n","protected":false},"excerpt":{"rendered":"<p>El especialista en protecci\u00f3n manual ligera y agarre en seco con m\u00e1xima destreza y precisi\u00f3n.<\/p>\n","protected":false},"featured_media":2743,"comment_status":"open","ping_status":"closed","template":"","meta":{"_acf_changed":false},"product_brand":[],"product_cat":[45,54],"product_tag":[],"class_list":{"0":"post-2826","1":"product","2":"type-product","3":"status-publish","4":"has-post-thumbnail","6":"product_cat-maxim-es","7":"product_cat-proposito-general","9":"first","10":"instock","11":"shipping-taxable","12":"product-type-simple"},"acf":[],"_links":{"self":[{"href":"https:\/\/www.ninjagloves.com\/co\/wp-json\/wp\/v2\/product\/2826","targetHints":{"allow":["GET"]}}],"collection":[{"href":"https:\/\/www.ninjagloves.com\/co\/wp-json\/wp\/v2\/product"}],"about":[{"href":"https:\/\/www.ninjagloves.com\/co\/wp-json\/wp\/v2\/types\/product"}],"replies":[{"embeddable":true,"href":"https:\/\/www.ninjagloves.com\/co\/wp-json\/wp\/v2\/comments?post=2826"}],"wp:featuredmedia":[{"embeddable":true,"href":"https:\/\/www.ninjagloves.com\/co\/wp-json\/wp\/v2\/media\/2743"}],"wp:attachment":[{"href":"https:\/\/www.ninjagloves.com\/co\/wp-json\/wp\/v2\/media?parent=2826"}],"wp:term":[{"taxonomy":"product_brand","embeddable":true,"href":"https:\/\/www.ninjagloves.com\/co\/wp-json\/wp\/v2\/product_brand?post=2826"},{"taxonomy":"product_cat","embeddable":true,"href":"https:\/\/www.ninjagloves.com\/co\/wp-json\/wp\/v2\/product_cat?post=2826"},{"taxonomy":"product_tag","embeddable":true,"href":"https:\/\/www.ninjagloves.com\/co\/wp-json\/wp\/v2\/product_tag?post=2826"}],"curies":[{"name":"wp","href":"https:\/\/api.w.org\/{rel}","templated":true}]}}